{"id":2459,"date":"2021-09-24T11:56:58","date_gmt":"2021-09-24T11:56:58","guid":{"rendered":"http:\/\/localhost\/?page_id=2459"},"modified":"2021-09-24T13:40:02","modified_gmt":"2021-09-24T13:40:02","slug":"dai-ly-bao-hiem-hang-hoa","status":"publish","type":"page","link":"https:\/\/centurylogistics.com.vn\/index.php\/vi\/dai-ly-bao-hiem-hang-hoa\/","title":{"rendered":"\u0110\u1ea1i l\u00fd b\u1ea3o hi\u1ec3m h\u00e0ng h\u00f3a"},"content":{"rendered":"\r\n<h3>\u0110\u1ea1i l\u00fd b\u1ea3o hi\u1ec3m h\u00e0ng h\u00f3a<\/h3>\r\n\r\n\r\n\r\n<figure class=\"wp-block-image size-large\"><img decoding=\"async\" loading=\"lazy\" width=\"556\" height=\"267\" class=\"wp-image-2283\" src=\"http:\/\/localhost\/wp-content\/uploads\/2019\/03\/insurance-bao-hiem-hang-hoa-xuat-nhap-khau.jpeg\" alt=\"\" srcset=\"https:\/\/centurylogistics.com.vn\/wp-content\/uploads\/2019\/03\/insurance-bao-hiem-hang-hoa-xuat-nhap-khau.jpeg 556w, https:\/\/centurylogistics.com.vn\/wp-content\/uploads\/2019\/03\/insurance-bao-hiem-hang-hoa-xuat-nhap-khau-300x144.jpeg 300w\" sizes=\"(max-width: 556px) 100vw, 556px\" \/><\/figure>\r\n\r\n\r\n\r\n<p>\u0110\u1ed1i v\u1edbi nh\u1eefng l\u00f4 h\u00e0ng xu\u1ea5t nh\u1eadp kh\u1ea9u \u0111i v\u00e0 \u0111\u1ebfn t\u1eeb c\u00e1c tuy\u1ebfn xa, h\u00e0ng c\u00f3 gi\u00e1 tr\u1ecb l\u1edbn,h\u00e0ng d\u1ec5 h\u01b0 h\u1ecfng,\u2026\u00a0<strong>Century Logistic<\/strong>\u00a0c\u00f3 th\u1ec3 t\u01b0 v\u1ea5n kh\u00e1ch h\u00e0ng n\u00ean \u00a0mua \u0111i\u1ec1u ki\u1ec7n b\u1ea3o hi\u1ec3m lo\u1ea1i A, B, hay \u00a0C v\u1edbi c\u00f4ng ty b\u1ea3o hi\u1ec3m uy t\u00edn trong v\u00e0 ngo\u1ea1i n\u01b0\u1edbc: BIC, PJC, AIG,\u2026<\/p>\r\n","protected":false},"excerpt":{"rendered":"<p>\u0110\u1ea1i l\u00fd b\u1ea3o hi\u1ec3m h\u00e0ng h\u00f3a \u0110\u1ed1i v\u1edbi nh\u1eefng l\u00f4 h\u00e0ng xu\u1ea5t nh\u1eadp kh\u1ea9u \u0111i v\u00e0 \u0111\u1ebfn t\u1eeb c\u00e1c tuy\u1ebfn xa, h\u00e0ng c\u00f3 gi\u00e1 tr\u1ecb l\u1edbn,h\u00e0ng d\u1ec5 h\u01b0 h\u1ecfng,\u2026\u00a0Century Logistic\u00a0c\u00f3 th\u1ec3 t\u01b0 v\u1ea5n kh\u00e1ch h\u00e0ng n\u00ean \u00a0mua \u0111i\u1ec1u ki\u1ec7n b\u1ea3o hi\u1ec3m lo\u1ea1i A, B, hay \u00a0C v\u1edbi c\u00f4ng ty b\u1ea3o hi\u1ec3m uy t\u00edn trong v\u00e0 [&hellip;]<\/p>\n","protected":false},"author":1,"featured_media":0,"parent":0,"menu_order":0,"comment_status":"closed","ping_status":"closed","template":"","meta":[],"_links":{"self":[{"href":"https:\/\/centurylogistics.com.vn\/index.php\/wp-json\/wp\/v2\/pages\/2459"}],"collection":[{"href":"https:\/\/centurylogistics.com.vn\/index.php\/wp-json\/wp\/v2\/pages"}],"about":[{"href":"https:\/\/centurylogistics.com.vn\/index.php\/wp-json\/wp\/v2\/types\/page"}],"author":[{"embeddable":true,"href":"https:\/\/centurylogistics.com.vn\/index.php\/wp-json\/wp\/v2\/users\/1"}],"replies":[{"embeddable":true,"href":"https:\/\/centurylogistics.com.vn\/index.php\/wp-json\/wp\/v2\/comments?post=2459"}],"version-history":[{"count":2,"href":"https:\/\/centurylogistics.com.vn\/index.php\/wp-json\/wp\/v2\/pages\/2459\/revisions"}],"predecessor-version":[{"id":2472,"href":"https:\/\/centurylogistics.com.vn\/index.php\/wp-json\/wp\/v2\/pages\/2459\/revisions\/2472"}],"wp:attachment":[{"href":"https:\/\/centurylogistics.com.vn\/index.php\/wp-json\/wp\/v2\/media?parent=2459"}],"curies":[{"name":"wp","href":"https:\/\/api.w.org\/{rel}","templated":true}]}}