{"id":2457,"date":"2021-09-24T11:56:16","date_gmt":"2021-09-24T11:56:16","guid":{"rendered":"http:\/\/localhost\/?page_id=2457"},"modified":"2021-09-24T13:38:42","modified_gmt":"2021-09-24T13:38:42","slug":"dich-vu-kho-bai-dong-goi","status":"publish","type":"page","link":"https:\/\/centurylogistics.com.vn\/index.php\/vi\/dich-vu-kho-bai-dong-goi\/","title":{"rendered":"D\u1ecbch v\u1ee5 kho b\u00e3i &#038; \u0110\u00f3ng g\u00f3i"},"content":{"rendered":"\r\n<h3>D\u1ecbch v\u1ee5 kho b\u00e3i &amp; \u0110\u00f3ng g\u00f3i<\/h3>\r\n\r\n\r\n\r\n<figure class=\"wp-block-image size-large\"><img decoding=\"async\" loading=\"lazy\" width=\"800\" height=\"534\" class=\"wp-image-2282\" src=\"http:\/\/localhost\/wp-content\/uploads\/2019\/03\/294392638978_Kho-bai-dong-goi-Dich-vu-e1553075726721.jpeg\" alt=\"\" srcset=\"https:\/\/centurylogistics.com.vn\/wp-content\/uploads\/2019\/03\/294392638978_Kho-bai-dong-goi-Dich-vu-e1553075726721.jpeg 800w, https:\/\/centurylogistics.com.vn\/wp-content\/uploads\/2019\/03\/294392638978_Kho-bai-dong-goi-Dich-vu-e1553075726721-300x200.jpeg 300w, https:\/\/centurylogistics.com.vn\/wp-content\/uploads\/2019\/03\/294392638978_Kho-bai-dong-goi-Dich-vu-e1553075726721-768x513.jpeg 768w\" sizes=\"(max-width: 800px) 100vw, 800px\" \/><\/figure>\r\n\r\n\r\n\r\n<p><strong>Century Logistics<\/strong>\u00a0cung c\u1ea5p d\u1ecbch v\u1ee5 kho b\u00e3i v\u00e0 \u0111\u00f3ng g\u00f3i chuy\u00ean nghi\u1ec7p nh\u01b0 : kho ngo\u1ea1i quan, kho ch\u1ee9a h\u00e0ng th\u01b0\u1eddng, kho h\u00e0ng l\u1ea1nh v\u1edbi \u0111\u1ed9i ng\u1ee7 nh\u00e2n vi\u00ean v\u00e0 thi\u1ebft b\u1ecb n\u00e2ng , b\u1ed1c x\u1ebfp chuy\u00ean nghi\u1ec7p. \u0110\u00f3ng g\u00f3i h\u00e0ng h\u00f3a b\u1eb1ng pallet nh\u1ef1a, b\u1eb1ng th\u00f9ng carton, b\u1eb1ng ki\u1ec7n g\u1ed7,.. v\u00e0 l\u01b0u tr\u1eef l\u1ea1i h\u00ecnh \u1ea3nh c\u1ee7a h\u00e0ng h\u00f3a sau khi \u0111\u00f3ng g\u00f3i \u0111\u1ec3 ti\u1ec7n cho vi\u1ec7c theo d\u00f5i.<\/p>\r\n","protected":false},"excerpt":{"rendered":"<p>D\u1ecbch v\u1ee5 kho b\u00e3i &amp; \u0110\u00f3ng g\u00f3i Century Logistics\u00a0cung c\u1ea5p d\u1ecbch v\u1ee5 kho b\u00e3i v\u00e0 \u0111\u00f3ng g\u00f3i chuy\u00ean nghi\u1ec7p nh\u01b0 : kho ngo\u1ea1i quan, kho ch\u1ee9a h\u00e0ng th\u01b0\u1eddng, kho h\u00e0ng l\u1ea1nh v\u1edbi \u0111\u1ed9i ng\u1ee7 nh\u00e2n vi\u00ean v\u00e0 thi\u1ebft b\u1ecb n\u00e2ng , b\u1ed1c x\u1ebfp chuy\u00ean nghi\u1ec7p. \u0110\u00f3ng g\u00f3i h\u00e0ng h\u00f3a b\u1eb1ng pallet nh\u1ef1a, b\u1eb1ng th\u00f9ng carton, [&hellip;]<\/p>\n","protected":false},"author":1,"featured_media":0,"parent":0,"menu_order":0,"comment_status":"closed","ping_status":"closed","template":"","meta":[],"_links":{"self":[{"href":"https:\/\/centurylogistics.com.vn\/index.php\/wp-json\/wp\/v2\/pages\/2457"}],"collection":[{"href":"https:\/\/centurylogistics.com.vn\/index.php\/wp-json\/wp\/v2\/pages"}],"about":[{"href":"https:\/\/centurylogistics.com.vn\/index.php\/wp-json\/wp\/v2\/types\/page"}],"author":[{"embeddable":true,"href":"https:\/\/centurylogistics.com.vn\/index.php\/wp-json\/wp\/v2\/users\/1"}],"replies":[{"embeddable":true,"href":"https:\/\/centurylogistics.com.vn\/index.php\/wp-json\/wp\/v2\/comments?post=2457"}],"version-history":[{"count":2,"href":"https:\/\/centurylogistics.com.vn\/index.php\/wp-json\/wp\/v2\/pages\/2457\/revisions"}],"predecessor-version":[{"id":2470,"href":"https:\/\/centurylogistics.com.vn\/index.php\/wp-json\/wp\/v2\/pages\/2457\/revisions\/2470"}],"wp:attachment":[{"href":"https:\/\/centurylogistics.com.vn\/index.php\/wp-json\/wp\/v2\/media?parent=2457"}],"curies":[{"name":"wp","href":"https:\/\/api.w.org\/{rel}","templated":true}]}}